{"id":1352,"date":"2020-10-30T12:34:43","date_gmt":"2020-10-30T11:34:43","guid":{"rendered":"https:\/\/hno-halle-nettlau.de\/?page_id=1352"},"modified":"2020-11-04T20:02:08","modified_gmt":"2020-11-04T19:02:08","slug":"impressum-hno","status":"publish","type":"page","link":"https:\/\/hno-halle-nettlau.de\/index.php\/impressum-hno\/","title":{"rendered":"Impressum"},"content":{"rendered":"<div id='av_section_1'  class='avia-section av-5ao3cw-19827d3f067bdd000bc913b311afd7c4 main_color avia-section-default avia-no-border-styling  avia-builder-el-0  avia-builder-el-no-sibling  avia-bg-style-scroll container_wrap fullsize'  ><div class='container av-section-cont-open' ><main  role=\"main\" itemprop=\"mainContentOfPage\"  class='template-page content  av-content-full alpha units'><div class='post-entry post-entry-type-page post-entry-1352'><div class='entry-content-wrapper clearfix'>\n\n<style type=\"text\/css\" data-created_by=\"avia_inline_auto\" id=\"style-css-av-av_heading-7e96ba585feb546c10a1ff6e7b879f12\">\n#top .av-special-heading.av-av_heading-7e96ba585feb546c10a1ff6e7b879f12{\npadding-bottom:10px;\n}\nbody .av-special-heading.av-av_heading-7e96ba585feb546c10a1ff6e7b879f12 .av-special-heading-tag .heading-char{\nfont-size:25px;\n}\n.av-special-heading.av-av_heading-7e96ba585feb546c10a1ff6e7b879f12 .av-subheading{\nfont-size:15px;\n}\n<\/style>\n<div  class='av-special-heading av-av_heading-7e96ba585feb546c10a1ff6e7b879f12 av-special-heading-h3  avia-builder-el-1  el_before_av_one_half  avia-builder-el-first '><h3 class='av-special-heading-tag '  itemprop=\"headline\"  >Impressum<\/h3><div class=\"special-heading-border\"><div class=\"special-heading-inner-border\"><\/div><\/div><\/div>\n\n<style type=\"text\/css\" data-created_by=\"avia_inline_auto\" id=\"style-css-av-4oojzk-5ab92da2832b33f46be6e4c7002cd953\">\n.flex_column.av-4oojzk-5ab92da2832b33f46be6e4c7002cd953{\nborder-radius:0px 0px 0px 0px;\npadding:0px 0px 0px 0px;\n}\n<\/style>\n<div  class='flex_column av-4oojzk-5ab92da2832b33f46be6e4c7002cd953 av_one_half  avia-builder-el-2  el_after_av_heading  el_before_av_one_half  first flex_column_div av-zero-column-padding  '     ><section  class='av_textblock_section av-kgw6fn67-317bbd392dcd7566492f7f3b3acee95f '   itemscope=\"itemscope\" itemtype=\"https:\/\/schema.org\/CreativeWork\" ><div class='avia_textblock'  itemprop=\"text\" ><p>HNO-Praxis Dr. med. Susann Nettlau<br \/>\nFach\u00e4rztin f\u00fcr Hals-Nasen-Ohren-Heilkunde<br \/>\nAllergologie und Akupunktur<br \/>\nAudiologie und Neurootologie (BV HNO)<\/p>\n<p>Dessauer Stra\u00dfe 6<br \/>\n06118 Halle\/ Saale<\/p>\n<p>Telefon: 0345 &#8211; 522 02 93<br \/>\nTelefax: 0345 &#8211; 525 06 13<br \/>\nE-Mail: <a href=\"mailto:info@hno-halle-nettlau.de\">info@hno-halle-nettlau.de<\/a><\/p>\n<p>Web-Design: Rocco Tirouche, <a href=\"http:\/\/www.art-vantage.de\/\" target=\"_blank\" rel=\"noopener noreferrer\">www.art-vantage.de<\/a><\/p>\n<p>Fotos: Rocco Tirouche, <a href=\"http:\/\/www.art-vantage.de\/\" target=\"_blank\" rel=\"noopener noreferrer\">www.art-vantage.de<\/a><\/p>\n<p>weitere Fotoquelle<br \/>\nDreamstime.com: Junojess, Khamidulin, Niserin, Gillian08, Catarii, Starfotogr&#8230;, Lightwavem&#8230;<br \/>\nFotolia: Igor Mojzes, photophonie<br \/>\n123rf: Aleksandr Davydov, Roman Kosolapov, Alexander Raths, Wavebreak Stock Media, Sergey Khamidulin, Jean-Paul, lightfieldstudios, Poj Theveenugul<\/p>\n<p>Haftungsausschluss: Trotz sorgf\u00e4ltiger inhaltlicher Kontrolle \u00fcbernehmen wir keine Haftung f\u00fcr die Inhalte externer Links.<br \/>\nWir weisen darauf hin, dass f\u00fcr den Inhalt der verlinkten Seiten ausschlie\u00dflich deren Betreiber verantwortlich sind.<\/p>\n<\/div><\/section><\/div>\n<style type=\"text\/css\" data-created_by=\"avia_inline_auto\" id=\"style-css-av-2ch06o-b1159e8efea021150566b8ed42f9797a\">\n.flex_column.av-2ch06o-b1159e8efea021150566b8ed42f9797a{\nborder-radius:0px 0px 0px 0px;\npadding:0px 0px 0px 0px;\n}\n<\/style>\n<div  class='flex_column av-2ch06o-b1159e8efea021150566b8ed42f9797a av_one_half  avia-builder-el-4  el_after_av_one_half  avia-builder-el-last  flex_column_div av-zero-column-padding  '     ><section  class='av_textblock_section av-kgw6fqh8-3f2ae21c23c0faf370076a381f783d10 '   itemscope=\"itemscope\" itemtype=\"https:\/\/schema.org\/CreativeWork\" ><div class='avia_textblock'  itemprop=\"text\" ><p><strong>Zust\u00e4ndige Aufsichtsbeh\u00f6rde:<\/strong><\/p>\n<p>Kassen\u00e4rztliche Vereinigung Sachsen &#8211; \u00a0Anhalt<\/p>\n<p>Doctor &#8211; Eisenbart &#8211; Ring 2<\/p>\n<p>39120 Magdeburg<\/p>\n<p><strong>Zust\u00e4ndige \u00c4rztekammer:<\/strong><\/p>\n<p>\u00c4rztekammer Sachsen &#8211; Anhalt<\/p>\n<p>Doctor &#8211; Eisenbart &#8211; Ring 2<\/p>\n<p>39120 Magdeburg<\/p>\n<p><strong>Berufsbezeichnung:<\/strong><\/p>\n<p>Facharzt f\u00fcr Hals &#8211; Nasen &#8211; Ohrenheilkunde<\/p>\n<p><strong>Berufsrechtliche Regelungen:<\/strong><\/p>\n<p>&#8211; Berufsordnung der \u00c4rztekammer Sachsen &#8211; Anhalt<\/p>\n<p>&#8211; Heilberufsgesetz des Landes Sachsen &#8211; Anhalt<\/p>\n<p>Die Regelungen finden sich unter: <a href=\"http:\/\/www.aeksa.de\/\">www.aeksa.de<\/a><\/p>\n<\/div><\/section><\/div>\n","protected":false},"excerpt":{"rendered":"","protected":false},"author":1,"featured_media":0,"parent":0,"menu_order":0,"comment_status":"closed","ping_status":"closed","template":"","meta":{"footnotes":""},"class_list":["post-1352","page","type-page","status-publish","hentry"],"yoast_head":"<!-- This site is optimized with the Yoast SEO plugin v27.2 - https:\/\/yoast.com\/product\/yoast-seo-wordpress\/ -->\n<title>Impressum - hno-halle-nettlau.de<\/title>\n<meta name=\"robots\" content=\"index, follow, max-snippet:-1, max-image-preview:large, max-video-preview:-1\" \/>\n<link rel=\"canonical\" href=\"https:\/\/hno-halle-nettlau.de\/index.php\/impressum-hno\/\" \/>\n<meta property=\"og:locale\" content=\"de_DE\" \/>\n<meta property=\"og:type\" content=\"article\" \/>\n<meta property=\"og:title\" content=\"Impressum - hno-halle-nettlau.de\" \/>\n<meta property=\"og:url\" content=\"https:\/\/hno-halle-nettlau.de\/index.php\/impressum-hno\/\" \/>\n<meta property=\"og:site_name\" content=\"hno-halle-nettlau.de\" \/>\n<meta property=\"article:modified_time\" content=\"2020-11-04T19:02:08+00:00\" \/>\n<meta name=\"twitter:card\" content=\"summary_large_image\" \/>\n<meta name=\"twitter:label1\" content=\"Gesch\u00e4tzte Lesezeit\" \/>\n\t<meta name=\"twitter:data1\" content=\"3\u00a0Minuten\" \/>\n<script type=\"application\/ld+json\" class=\"yoast-schema-graph\">{\"@context\":\"https:\/\/schema.org\",\"@graph\":[{\"@type\":\"WebPage\",\"@id\":\"https:\/\/hno-halle-nettlau.de\/index.php\/impressum-hno\/\",\"url\":\"https:\/\/hno-halle-nettlau.de\/index.php\/impressum-hno\/\",\"name\":\"Impressum - hno-halle-nettlau.de\",\"isPartOf\":{\"@id\":\"https:\/\/hno-halle-nettlau.de\/#website\"},\"datePublished\":\"2020-10-30T11:34:43+00:00\",\"dateModified\":\"2020-11-04T19:02:08+00:00\",\"breadcrumb\":{\"@id\":\"https:\/\/hno-halle-nettlau.de\/index.php\/impressum-hno\/#breadcrumb\"},\"inLanguage\":\"de\",\"potentialAction\":[{\"@type\":\"ReadAction\",\"target\":[\"https:\/\/hno-halle-nettlau.de\/index.php\/impressum-hno\/\"]}]},{\"@type\":\"BreadcrumbList\",\"@id\":\"https:\/\/hno-halle-nettlau.de\/index.php\/impressum-hno\/#breadcrumb\",\"itemListElement\":[{\"@type\":\"ListItem\",\"position\":1,\"name\":\"Home\",\"item\":\"https:\/\/hno-halle-nettlau.de\/index.php\/hno-halle\/\"},{\"@type\":\"ListItem\",\"position\":2,\"name\":\"Impressum\"}]},{\"@type\":\"WebSite\",\"@id\":\"https:\/\/hno-halle-nettlau.de\/#website\",\"url\":\"https:\/\/hno-halle-nettlau.de\/\",\"name\":\"hno-halle-nettlau.de\",\"description\":\"HNO-Praxis Dr. med. Susann Nettlau\",\"publisher\":{\"@id\":\"https:\/\/hno-halle-nettlau.de\/#organization\"},\"potentialAction\":[{\"@type\":\"SearchAction\",\"target\":{\"@type\":\"EntryPoint\",\"urlTemplate\":\"https:\/\/hno-halle-nettlau.de\/?s={search_term_string}\"},\"query-input\":{\"@type\":\"PropertyValueSpecification\",\"valueRequired\":true,\"valueName\":\"search_term_string\"}}],\"inLanguage\":\"de\"},{\"@type\":\"Organization\",\"@id\":\"https:\/\/hno-halle-nettlau.de\/#organization\",\"name\":\"HNO-Praxis Dr. med. Susann Nettlau\",\"url\":\"https:\/\/hno-halle-nettlau.de\/\",\"logo\":{\"@type\":\"ImageObject\",\"inLanguage\":\"de\",\"@id\":\"https:\/\/hno-halle-nettlau.de\/#\/schema\/logo\/image\/\",\"url\":\"https:\/\/hno-halle-nettlau.de\/wp-content\/uploads\/2020\/11\/fav-hno-nettlau-final.png\",\"contentUrl\":\"https:\/\/hno-halle-nettlau.de\/wp-content\/uploads\/2020\/11\/fav-hno-nettlau-final.png\",\"width\":512,\"height\":512,\"caption\":\"HNO-Praxis Dr. med. Susann Nettlau\"},\"image\":{\"@id\":\"https:\/\/hno-halle-nettlau.de\/#\/schema\/logo\/image\/\"}}]}<\/script>\n<!-- \/ Yoast SEO plugin. -->","yoast_head_json":{"title":"Impressum - hno-halle-nettlau.de","robots":{"index":"index","follow":"follow","max-snippet":"max-snippet:-1","max-image-preview":"max-image-preview:large","max-video-preview":"max-video-preview:-1"},"canonical":"https:\/\/hno-halle-nettlau.de\/index.php\/impressum-hno\/","og_locale":"de_DE","og_type":"article","og_title":"Impressum - hno-halle-nettlau.de","og_url":"https:\/\/hno-halle-nettlau.de\/index.php\/impressum-hno\/","og_site_name":"hno-halle-nettlau.de","article_modified_time":"2020-11-04T19:02:08+00:00","twitter_card":"summary_large_image","twitter_misc":{"Gesch\u00e4tzte Lesezeit":"3\u00a0Minuten"},"schema":{"@context":"https:\/\/schema.org","@graph":[{"@type":"WebPage","@id":"https:\/\/hno-halle-nettlau.de\/index.php\/impressum-hno\/","url":"https:\/\/hno-halle-nettlau.de\/index.php\/impressum-hno\/","name":"Impressum - hno-halle-nettlau.de","isPartOf":{"@id":"https:\/\/hno-halle-nettlau.de\/#website"},"datePublished":"2020-10-30T11:34:43+00:00","dateModified":"2020-11-04T19:02:08+00:00","breadcrumb":{"@id":"https:\/\/hno-halle-nettlau.de\/index.php\/impressum-hno\/#breadcrumb"},"inLanguage":"de","potentialAction":[{"@type":"ReadAction","target":["https:\/\/hno-halle-nettlau.de\/index.php\/impressum-hno\/"]}]},{"@type":"BreadcrumbList","@id":"https:\/\/hno-halle-nettlau.de\/index.php\/impressum-hno\/#breadcrumb","itemListElement":[{"@type":"ListItem","position":1,"name":"Home","item":"https:\/\/hno-halle-nettlau.de\/index.php\/hno-halle\/"},{"@type":"ListItem","position":2,"name":"Impressum"}]},{"@type":"WebSite","@id":"https:\/\/hno-halle-nettlau.de\/#website","url":"https:\/\/hno-halle-nettlau.de\/","name":"hno-halle-nettlau.de","description":"HNO-Praxis Dr. med. Susann Nettlau","publisher":{"@id":"https:\/\/hno-halle-nettlau.de\/#organization"},"potentialAction":[{"@type":"SearchAction","target":{"@type":"EntryPoint","urlTemplate":"https:\/\/hno-halle-nettlau.de\/?s={search_term_string}"},"query-input":{"@type":"PropertyValueSpecification","valueRequired":true,"valueName":"search_term_string"}}],"inLanguage":"de"},{"@type":"Organization","@id":"https:\/\/hno-halle-nettlau.de\/#organization","name":"HNO-Praxis Dr. med. Susann Nettlau","url":"https:\/\/hno-halle-nettlau.de\/","logo":{"@type":"ImageObject","inLanguage":"de","@id":"https:\/\/hno-halle-nettlau.de\/#\/schema\/logo\/image\/","url":"https:\/\/hno-halle-nettlau.de\/wp-content\/uploads\/2020\/11\/fav-hno-nettlau-final.png","contentUrl":"https:\/\/hno-halle-nettlau.de\/wp-content\/uploads\/2020\/11\/fav-hno-nettlau-final.png","width":512,"height":512,"caption":"HNO-Praxis Dr. med. Susann Nettlau"},"image":{"@id":"https:\/\/hno-halle-nettlau.de\/#\/schema\/logo\/image\/"}}]}},"_links":{"self":[{"href":"https:\/\/hno-halle-nettlau.de\/index.php\/wp-json\/wp\/v2\/pages\/1352","targetHints":{"allow":["GET"]}}],"collection":[{"href":"https:\/\/hno-halle-nettlau.de\/index.php\/wp-json\/wp\/v2\/pages"}],"about":[{"href":"https:\/\/hno-halle-nettlau.de\/index.php\/wp-json\/wp\/v2\/types\/page"}],"author":[{"embeddable":true,"href":"https:\/\/hno-halle-nettlau.de\/index.php\/wp-json\/wp\/v2\/users\/1"}],"replies":[{"embeddable":true,"href":"https:\/\/hno-halle-nettlau.de\/index.php\/wp-json\/wp\/v2\/comments?post=1352"}],"version-history":[{"count":5,"href":"https:\/\/hno-halle-nettlau.de\/index.php\/wp-json\/wp\/v2\/pages\/1352\/revisions"}],"predecessor-version":[{"id":1574,"href":"https:\/\/hno-halle-nettlau.de\/index.php\/wp-json\/wp\/v2\/pages\/1352\/revisions\/1574"}],"wp:attachment":[{"href":"https:\/\/hno-halle-nettlau.de\/index.php\/wp-json\/wp\/v2\/media?parent=1352"}],"curies":[{"name":"wp","href":"https:\/\/api.w.org\/{rel}","templated":true}]}}