{"id":1229,"date":"2020-10-28T14:30:32","date_gmt":"2020-10-28T13:30:32","guid":{"rendered":"https:\/\/hno-halle-nettlau.de\/?page_id=1229"},"modified":"2024-09-16T14:46:36","modified_gmt":"2024-09-16T12:46:36","slug":"leistungen-fuer-kinder","status":"publish","type":"page","link":"https:\/\/hno-halle-nettlau.de\/index.php\/unsere-leistungen\/leistungen-fuer-kinder\/","title":{"rendered":"Leistungen f\u00fcr Kinder"},"content":{"rendered":"<div id='full_slider_1'  class='avia-fullwidth-slider main_color avia-shadow   avia-builder-el-0  el_before_av_section  avia-builder-el-first   container_wrap fullsize'  >\n<style type=\"text\/css\" data-created_by=\"avia_inline_auto\" id=\"style-css-av-kgtfwl3e-c1b7b4f100408ae07fe2d397151a1fed\">\n@keyframes av_slideshow_img_scale_av-kgtfwl3e-c1b7b4f100408ae07fe2d397151a1fed {\n   0% { transform: scale(1); opacity: 1; }\n 100% { transform: scale(1.1); opacity: 1; }\n}\n.avia-slideshow.av-kgtfwl3e-c1b7b4f100408ae07fe2d397151a1fed .avia-slideshow-slide.next-active-slide img{\nanimation:av_slideshow_img_scale_av-kgtfwl3e-c1b7b4f100408ae07fe2d397151a1fed 3s 1 ease-in-out;\ntransform:scale(1.1);\nopacity:1;\n}\n<\/style>\n<div  class='avia-slideshow av-kgtfwl3e-c1b7b4f100408ae07fe2d397151a1fed avia-slideshow-featured av_slideshow_full avia-slide-slider av-slideshow-ui av-control-default av-slideshow-manual av-loop-once av-loop-manual-endless av-default-height-applied   avia-slideshow-1' data-slideshow-options=\"{&quot;animation&quot;:&quot;slide&quot;,&quot;autoplay&quot;:false,&quot;loop_autoplay&quot;:&quot;once&quot;,&quot;interval&quot;:5,&quot;loop_manual&quot;:&quot;manual-endless&quot;,&quot;autoplay_stopper&quot;:false,&quot;noNavigation&quot;:false,&quot;bg_slider&quot;:false,&quot;keep_padding&quot;:false,&quot;hoverpause&quot;:false,&quot;show_slide_delay&quot;:0}\"  itemprop=\"image\" itemscope=\"itemscope\" itemtype=\"https:\/\/schema.org\/ImageObject\" ><ul class='avia-slideshow-inner ' style='padding-bottom: 28.666666666667%;'><li  class='avia-slideshow-slide av-kgtfwl3e-c1b7b4f100408ae07fe2d397151a1fed__0  av-single-slide slide-1 slide-odd'><div data-rel='slideshow-1' class='avia-slide-wrap '   ><img decoding=\"async\" fetchpriority=\"high\" class=\"wp-image-1290 avia-img-lazy-loading-not-1290\"  src=\"https:\/\/hno-halle-nettlau.de\/wp-content\/uploads\/2020\/10\/kinder-1500-640-1500x430.jpg\" width=\"1500\" height=\"430\" title='kinder-1500-640' alt=''  itemprop=\"thumbnailUrl\"  style='min-height:200px; min-width:698px; ' \/><\/div><\/li><\/ul><\/div><\/div>\n<div id='av_section_1'  class='avia-section av-72awkd-e51c27b9888a5db7b9b954fd261a1170 main_color avia-section-default avia-no-border-styling  avia-builder-el-1  el_after_av_slideshow_full  avia-builder-el-last  avia-bg-style-scroll container_wrap fullsize'  ><div class='container av-section-cont-open' ><div class='template-page content  av-content-full alpha units'><div class='post-entry post-entry-type-page post-entry-1229'><div class='entry-content-wrapper clearfix'>\n\n<style type=\"text\/css\" data-created_by=\"avia_inline_auto\" id=\"style-css-av-56upfx-ef9f14fb150e3aa552639d1492a5c5c3\">\n.flex_column.av-56upfx-ef9f14fb150e3aa552639d1492a5c5c3{\nborder-radius:0px 0px 0px 0px;\npadding:0px 0px 0px 0px;\n}\n<\/style>\n<div  class='flex_column av-56upfx-ef9f14fb150e3aa552639d1492a5c5c3 av_one_fifth  avia-builder-el-2  el_before_av_three_fifth  avia-builder-el-first  first flex_column_div av-zero-column-padding  '     ><\/div>\n<style type=\"text\/css\" data-created_by=\"avia_inline_auto\" id=\"style-css-av-3za7e5-60378f40d845935aaac84ca2a6ee81c9\">\n.flex_column.av-3za7e5-60378f40d845935aaac84ca2a6ee81c9{\nborder-radius:0px 0px 0px 0px;\npadding:0px 0px 0px 0px;\n}\n.avia_transform .flex_column.av-3za7e5-60378f40d845935aaac84ca2a6ee81c9{\nanimation-duration:2s;\n}\n<\/style>\n<div  class='flex_column av-3za7e5-60378f40d845935aaac84ca2a6ee81c9 av_three_fifth  avia-builder-el-3  el_after_av_one_fifth  el_before_av_one_fifth  flex_column_div av-animated-generic bottom-to-top av-zero-column-padding  '     ><p>\n<style type=\"text\/css\" data-created_by=\"avia_inline_auto\" id=\"style-css-av-2z1c31-4b8f2f0b083b0595a6ad20a492338aae\">\n#top .av-special-heading.av-2z1c31-4b8f2f0b083b0595a6ad20a492338aae{\npadding-bottom:10px;\n}\nbody .av-special-heading.av-2z1c31-4b8f2f0b083b0595a6ad20a492338aae .av-special-heading-tag .heading-char{\nfont-size:25px;\n}\n.av-special-heading.av-2z1c31-4b8f2f0b083b0595a6ad20a492338aae .av-subheading{\nfont-size:15px;\n}\n<\/style>\n<div  class='av-special-heading av-2z1c31-4b8f2f0b083b0595a6ad20a492338aae av-special-heading-h2  avia-builder-el-4  el_before_av_hr  avia-builder-el-first '><h2 class='av-special-heading-tag '  itemprop=\"headline\"  >Leistungen f\u00fcr Kinder<\/h2><div class=\"special-heading-border\"><div class=\"special-heading-inner-border\"><\/div><\/div><\/div><br \/>\n\n<style type=\"text\/css\" data-created_by=\"avia_inline_auto\" id=\"style-css-av-m1501ip9-799757ceeaa807bb9521dd8e3d819374\">\n#top .hr.hr-invisible.av-m1501ip9-799757ceeaa807bb9521dd8e3d819374{\nheight:25px;\n}\n<\/style>\n<div  class='hr av-m1501ip9-799757ceeaa807bb9521dd8e3d819374 hr-invisible  avia-builder-el-5  el_after_av_heading  el_before_av_textblock  av-desktop-hide av-medium-hide'><span class='hr-inner '><span class=\"hr-inner-style\"><\/span><\/span><\/div><br \/>\n<section  class='av_textblock_section av-kgtfurn8-742a411fe72d248fd99f9d1486a27077 '   itemscope=\"itemscope\" itemtype=\"https:\/\/schema.org\/CreativeWork\" ><div class='avia_textblock'  itemprop=\"text\" ><p>In unserer HNO-Praxis sind Kinder herzlich willkommen.\u00a0Unser Leistungsspektrum umfasst eine umfangreiche ambulante Diagnostik kindlicher Erkrankungen in unserem Fachbereich.<\/p>\n<p>Eine \u00dcberpr\u00fcfung des H\u00f6rverm\u00f6gens ist bei uns f\u00fcr jedes Lebensalter m\u00f6glich.\u00a0Dazu stehen uns f\u00fcr S\u00e4uglinge und Kleinkinder die Tympanometrie, Otoakustische Emissionen sowie BERA-Untersuchungen zur Verf\u00fcgung.\u00a0Bei gr\u00f6\u00dferen Kindern ist eine Tonaudiometrie sowie der Mainzer Kindersprachtest zus\u00e4tzlich m\u00f6glich.<\/p>\n<p>Dar\u00fcber hinaus bieten wir Ihnen Abkl\u00e4rungen bei dem Verdacht von Sprachentwicklungsst\u00f6rungen, Nasenatmungsbehinderungen, Rachenmandel- und Gaumenmandelvergr\u00f6\u00dferungen und Allergien an.\u00a0Weiterf\u00fchrende Links zu aktuellen Therapien und Operationen finden Sie auf den Seiten unseres HNO-Berufsverbandes:<\/p>\n<ul>\n<li><a href=\"http:\/\/www.hno-aerzte.de\/\" target=\"_blank\" rel=\"noopener\">http:\/\/www.hno-aerzte.de\/<\/a><\/li>\n<li><a href=\"http:\/\/www.hno-aerzte-im-netz.de\/\" target=\"_blank\" rel=\"noopener\">http:\/\/www.hno-aerzte-im-netz.de\/<\/a><\/li>\n<\/ul>\n<\/div><\/section><\/p><\/div>\n<style type=\"text\/css\" data-created_by=\"avia_inline_auto\" id=\"style-css-av-2oggnx-18d75faa8170287d4ed2ed392b44913a\">\n.flex_column.av-2oggnx-18d75faa8170287d4ed2ed392b44913a{\nborder-radius:0px 0px 0px 0px;\npadding:0px 0px 0px 0px;\n}\n<\/style>\n<div  class='flex_column av-2oggnx-18d75faa8170287d4ed2ed392b44913a av_one_fifth  avia-builder-el-7  el_after_av_three_fifth  avia-builder-el-last  flex_column_div av-zero-column-padding  '     ><\/div>\n","protected":false},"excerpt":{"rendered":"","protected":false},"author":1,"featured_media":0,"parent":102,"menu_order":0,"comment_status":"closed","ping_status":"closed","template":"","meta":{"footnotes":""},"class_list":["post-1229","page","type-page","status-publish","hentry"],"yoast_head":"<!-- This site is optimized with the Yoast SEO plugin v27.2 - https:\/\/yoast.com\/product\/yoast-seo-wordpress\/ -->\n<title>Leistungen f\u00fcr Kinder - hno-halle-nettlau.de<\/title>\n<meta name=\"robots\" content=\"index, follow, max-snippet:-1, max-image-preview:large, max-video-preview:-1\" \/>\n<link rel=\"canonical\" href=\"https:\/\/hno-halle-nettlau.de\/index.php\/unsere-leistungen\/leistungen-fuer-kinder\/\" \/>\n<meta property=\"og:locale\" content=\"de_DE\" \/>\n<meta property=\"og:type\" content=\"article\" \/>\n<meta property=\"og:title\" content=\"Leistungen f\u00fcr Kinder - hno-halle-nettlau.de\" \/>\n<meta property=\"og:url\" content=\"https:\/\/hno-halle-nettlau.de\/index.php\/unsere-leistungen\/leistungen-fuer-kinder\/\" \/>\n<meta property=\"og:site_name\" content=\"hno-halle-nettlau.de\" \/>\n<meta property=\"article:modified_time\" content=\"2024-09-16T12:46:36+00:00\" \/>\n<meta name=\"twitter:card\" content=\"summary_large_image\" \/>\n<meta name=\"twitter:label1\" content=\"Gesch\u00e4tzte Lesezeit\" \/>\n\t<meta name=\"twitter:data1\" content=\"1\u00a0Minute\" \/>\n<script type=\"application\/ld+json\" class=\"yoast-schema-graph\">{\"@context\":\"https:\/\/schema.org\",\"@graph\":[{\"@type\":\"WebPage\",\"@id\":\"https:\/\/hno-halle-nettlau.de\/index.php\/unsere-leistungen\/leistungen-fuer-kinder\/\",\"url\":\"https:\/\/hno-halle-nettlau.de\/index.php\/unsere-leistungen\/leistungen-fuer-kinder\/\",\"name\":\"Leistungen f\u00fcr Kinder - hno-halle-nettlau.de\",\"isPartOf\":{\"@id\":\"https:\/\/hno-halle-nettlau.de\/#website\"},\"datePublished\":\"2020-10-28T13:30:32+00:00\",\"dateModified\":\"2024-09-16T12:46:36+00:00\",\"breadcrumb\":{\"@id\":\"https:\/\/hno-halle-nettlau.de\/index.php\/unsere-leistungen\/leistungen-fuer-kinder\/#breadcrumb\"},\"inLanguage\":\"de\",\"potentialAction\":[{\"@type\":\"ReadAction\",\"target\":[\"https:\/\/hno-halle-nettlau.de\/index.php\/unsere-leistungen\/leistungen-fuer-kinder\/\"]}]},{\"@type\":\"BreadcrumbList\",\"@id\":\"https:\/\/hno-halle-nettlau.de\/index.php\/unsere-leistungen\/leistungen-fuer-kinder\/#breadcrumb\",\"itemListElement\":[{\"@type\":\"ListItem\",\"position\":1,\"name\":\"Home\",\"item\":\"https:\/\/hno-halle-nettlau.de\/index.php\/hno-halle\/\"},{\"@type\":\"ListItem\",\"position\":2,\"name\":\"\u00dcbersicht\",\"item\":\"https:\/\/hno-halle-nettlau.de\/index.php\/unsere-leistungen\/\"},{\"@type\":\"ListItem\",\"position\":3,\"name\":\"Leistungen f\u00fcr Kinder\"}]},{\"@type\":\"WebSite\",\"@id\":\"https:\/\/hno-halle-nettlau.de\/#website\",\"url\":\"https:\/\/hno-halle-nettlau.de\/\",\"name\":\"hno-halle-nettlau.de\",\"description\":\"HNO-Praxis Dr. med. Susann Nettlau\",\"publisher\":{\"@id\":\"https:\/\/hno-halle-nettlau.de\/#organization\"},\"potentialAction\":[{\"@type\":\"SearchAction\",\"target\":{\"@type\":\"EntryPoint\",\"urlTemplate\":\"https:\/\/hno-halle-nettlau.de\/?s={search_term_string}\"},\"query-input\":{\"@type\":\"PropertyValueSpecification\",\"valueRequired\":true,\"valueName\":\"search_term_string\"}}],\"inLanguage\":\"de\"},{\"@type\":\"Organization\",\"@id\":\"https:\/\/hno-halle-nettlau.de\/#organization\",\"name\":\"HNO-Praxis Dr. med. Susann Nettlau\",\"url\":\"https:\/\/hno-halle-nettlau.de\/\",\"logo\":{\"@type\":\"ImageObject\",\"inLanguage\":\"de\",\"@id\":\"https:\/\/hno-halle-nettlau.de\/#\/schema\/logo\/image\/\",\"url\":\"https:\/\/hno-halle-nettlau.de\/wp-content\/uploads\/2020\/11\/fav-hno-nettlau-final.png\",\"contentUrl\":\"https:\/\/hno-halle-nettlau.de\/wp-content\/uploads\/2020\/11\/fav-hno-nettlau-final.png\",\"width\":512,\"height\":512,\"caption\":\"HNO-Praxis Dr. med. Susann Nettlau\"},\"image\":{\"@id\":\"https:\/\/hno-halle-nettlau.de\/#\/schema\/logo\/image\/\"}}]}<\/script>\n<!-- \/ Yoast SEO plugin. -->","yoast_head_json":{"title":"Leistungen f\u00fcr Kinder - hno-halle-nettlau.de","robots":{"index":"index","follow":"follow","max-snippet":"max-snippet:-1","max-image-preview":"max-image-preview:large","max-video-preview":"max-video-preview:-1"},"canonical":"https:\/\/hno-halle-nettlau.de\/index.php\/unsere-leistungen\/leistungen-fuer-kinder\/","og_locale":"de_DE","og_type":"article","og_title":"Leistungen f\u00fcr Kinder - hno-halle-nettlau.de","og_url":"https:\/\/hno-halle-nettlau.de\/index.php\/unsere-leistungen\/leistungen-fuer-kinder\/","og_site_name":"hno-halle-nettlau.de","article_modified_time":"2024-09-16T12:46:36+00:00","twitter_card":"summary_large_image","twitter_misc":{"Gesch\u00e4tzte Lesezeit":"1\u00a0Minute"},"schema":{"@context":"https:\/\/schema.org","@graph":[{"@type":"WebPage","@id":"https:\/\/hno-halle-nettlau.de\/index.php\/unsere-leistungen\/leistungen-fuer-kinder\/","url":"https:\/\/hno-halle-nettlau.de\/index.php\/unsere-leistungen\/leistungen-fuer-kinder\/","name":"Leistungen f\u00fcr Kinder - hno-halle-nettlau.de","isPartOf":{"@id":"https:\/\/hno-halle-nettlau.de\/#website"},"datePublished":"2020-10-28T13:30:32+00:00","dateModified":"2024-09-16T12:46:36+00:00","breadcrumb":{"@id":"https:\/\/hno-halle-nettlau.de\/index.php\/unsere-leistungen\/leistungen-fuer-kinder\/#breadcrumb"},"inLanguage":"de","potentialAction":[{"@type":"ReadAction","target":["https:\/\/hno-halle-nettlau.de\/index.php\/unsere-leistungen\/leistungen-fuer-kinder\/"]}]},{"@type":"BreadcrumbList","@id":"https:\/\/hno-halle-nettlau.de\/index.php\/unsere-leistungen\/leistungen-fuer-kinder\/#breadcrumb","itemListElement":[{"@type":"ListItem","position":1,"name":"Home","item":"https:\/\/hno-halle-nettlau.de\/index.php\/hno-halle\/"},{"@type":"ListItem","position":2,"name":"\u00dcbersicht","item":"https:\/\/hno-halle-nettlau.de\/index.php\/unsere-leistungen\/"},{"@type":"ListItem","position":3,"name":"Leistungen f\u00fcr Kinder"}]},{"@type":"WebSite","@id":"https:\/\/hno-halle-nettlau.de\/#website","url":"https:\/\/hno-halle-nettlau.de\/","name":"hno-halle-nettlau.de","description":"HNO-Praxis Dr. med. Susann Nettlau","publisher":{"@id":"https:\/\/hno-halle-nettlau.de\/#organization"},"potentialAction":[{"@type":"SearchAction","target":{"@type":"EntryPoint","urlTemplate":"https:\/\/hno-halle-nettlau.de\/?s={search_term_string}"},"query-input":{"@type":"PropertyValueSpecification","valueRequired":true,"valueName":"search_term_string"}}],"inLanguage":"de"},{"@type":"Organization","@id":"https:\/\/hno-halle-nettlau.de\/#organization","name":"HNO-Praxis Dr. med. Susann Nettlau","url":"https:\/\/hno-halle-nettlau.de\/","logo":{"@type":"ImageObject","inLanguage":"de","@id":"https:\/\/hno-halle-nettlau.de\/#\/schema\/logo\/image\/","url":"https:\/\/hno-halle-nettlau.de\/wp-content\/uploads\/2020\/11\/fav-hno-nettlau-final.png","contentUrl":"https:\/\/hno-halle-nettlau.de\/wp-content\/uploads\/2020\/11\/fav-hno-nettlau-final.png","width":512,"height":512,"caption":"HNO-Praxis Dr. med. Susann Nettlau"},"image":{"@id":"https:\/\/hno-halle-nettlau.de\/#\/schema\/logo\/image\/"}}]}},"_links":{"self":[{"href":"https:\/\/hno-halle-nettlau.de\/index.php\/wp-json\/wp\/v2\/pages\/1229","targetHints":{"allow":["GET"]}}],"collection":[{"href":"https:\/\/hno-halle-nettlau.de\/index.php\/wp-json\/wp\/v2\/pages"}],"about":[{"href":"https:\/\/hno-halle-nettlau.de\/index.php\/wp-json\/wp\/v2\/types\/page"}],"author":[{"embeddable":true,"href":"https:\/\/hno-halle-nettlau.de\/index.php\/wp-json\/wp\/v2\/users\/1"}],"replies":[{"embeddable":true,"href":"https:\/\/hno-halle-nettlau.de\/index.php\/wp-json\/wp\/v2\/comments?post=1229"}],"version-history":[{"count":13,"href":"https:\/\/hno-halle-nettlau.de\/index.php\/wp-json\/wp\/v2\/pages\/1229\/revisions"}],"predecessor-version":[{"id":1893,"href":"https:\/\/hno-halle-nettlau.de\/index.php\/wp-json\/wp\/v2\/pages\/1229\/revisions\/1893"}],"up":[{"embeddable":true,"href":"https:\/\/hno-halle-nettlau.de\/index.php\/wp-json\/wp\/v2\/pages\/102"}],"wp:attachment":[{"href":"https:\/\/hno-halle-nettlau.de\/index.php\/wp-json\/wp\/v2\/media?parent=1229"}],"curies":[{"name":"wp","href":"https:\/\/api.w.org\/{rel}","templated":true}]}}