{"id":102,"date":"2015-07-14T16:12:07","date_gmt":"2015-07-14T14:12:07","guid":{"rendered":"http:\/\/test.kriesi.at\/minimal-portfolio\/?page_id=102"},"modified":"2024-09-16T15:05:50","modified_gmt":"2024-09-16T13:05:50","slug":"unsere-leistungen","status":"publish","type":"page","link":"https:\/\/hno-halle-nettlau.de\/index.php\/unsere-leistungen\/","title":{"rendered":"\u00dcbersicht"},"content":{"rendered":"<div id='full_slider_1'  class='avia-fullwidth-slider main_color avia-shadow   avia-builder-el-0  el_before_av_one_full  avia-builder-el-first   container_wrap fullsize'  >\n<style type=\"text\/css\" data-created_by=\"avia_inline_auto\" id=\"style-css-av-kgtcjj4c-ab3c56268e3af298870ecfd3dd02f9f7\">\n@keyframes av_slideshow_img_scale_av-kgtcjj4c-ab3c56268e3af298870ecfd3dd02f9f7 {\n   0% { transform: scale(1); opacity: 1; }\n 100% { transform: scale(1.07); opacity: 1; }\n}\n.avia-slideshow.av-kgtcjj4c-ab3c56268e3af298870ecfd3dd02f9f7 .avia-slideshow-slide.next-active-slide img{\nanimation:av_slideshow_img_scale_av-kgtcjj4c-ab3c56268e3af298870ecfd3dd02f9f7 3s 1 ease-in-out;\ntransform:scale(1.07);\nopacity:1;\n}\n#top #wrap_all .avia-slideshow .av-slideshow-caption.av-kgtcjj4c-ab3c56268e3af298870ecfd3dd02f9f7__0 .avia-caption-title{\nfont-size:60px;\n}\n\n@media only screen and (max-width: 479px){ \n#top #wrap_all .avia-slideshow .av-slideshow-caption.av-kgtcjj4c-ab3c56268e3af298870ecfd3dd02f9f7__0 .avia-caption-title{\nfont-size:30px;\n}\n}\n<\/style>\n<div  class='avia-slideshow av-kgtcjj4c-ab3c56268e3af298870ecfd3dd02f9f7 avia-slideshow-no scaling av_slideshow_full avia-slide-slider av-slideshow-ui av-control-default av-slideshow-manual av-loop-once av-loop-manual-endless av-default-height-applied   avia-slideshow-1' data-slideshow-options=\"{&quot;animation&quot;:&quot;slide&quot;,&quot;autoplay&quot;:false,&quot;loop_autoplay&quot;:&quot;once&quot;,&quot;interval&quot;:5,&quot;loop_manual&quot;:&quot;manual-endless&quot;,&quot;autoplay_stopper&quot;:false,&quot;noNavigation&quot;:false,&quot;bg_slider&quot;:false,&quot;keep_padding&quot;:false,&quot;hoverpause&quot;:false,&quot;show_slide_delay&quot;:0}\"  itemprop=\"image\" itemscope=\"itemscope\" itemtype=\"https:\/\/schema.org\/ImageObject\" ><ul class='avia-slideshow-inner ' style='padding-bottom: 46.133333333333%;'><li  class='avia-slideshow-slide av-kgtcjj4c-ab3c56268e3af298870ecfd3dd02f9f7__0  av-single-slide slide-1 slide-odd'><div data-rel='slideshow-1' class='avia-slide-wrap '   ><div class='av-slideshow-caption av-kgtcjj4c-ab3c56268e3af298870ecfd3dd02f9f7__0 caption_fullwidth caption_right caption_right_framed caption_framed'><div class=\"container caption_container\"><div class=\"slideshow_caption\"><div class=\"slideshow_inner_caption\"><div class=\"slideshow_align_caption\"><h2 class='avia-caption-title '  itemprop=\"name\" >UNSERE LEISTUNGEN<\/h2><\/div><\/div><\/div><\/div><\/div><img decoding=\"async\" fetchpriority=\"high\" class=\"wp-image-1299 avia-img-lazy-loading-not-1299\"  src=\"https:\/\/hno-halle-nettlau.de\/wp-content\/uploads\/2020\/10\/Leistungen_Krebsvorsorge-1.jpg\" width=\"1500\" height=\"692\" title='Leistungen_Krebsvorsorge' alt='HNO Praxis Susann Nettlau - Krebsvorsorge'  itemprop=\"thumbnailUrl\"  style='min-height:250px; min-width:542px; ' srcset=\"https:\/\/hno-halle-nettlau.de\/wp-content\/uploads\/2020\/10\/Leistungen_Krebsvorsorge-1.jpg 1500w, https:\/\/hno-halle-nettlau.de\/wp-content\/uploads\/2020\/10\/Leistungen_Krebsvorsorge-1-300x138.jpg 300w, https:\/\/hno-halle-nettlau.de\/wp-content\/uploads\/2020\/10\/Leistungen_Krebsvorsorge-1-1030x475.jpg 1030w, https:\/\/hno-halle-nettlau.de\/wp-content\/uploads\/2020\/10\/Leistungen_Krebsvorsorge-1-768x354.jpg 768w, https:\/\/hno-halle-nettlau.de\/wp-content\/uploads\/2020\/10\/Leistungen_Krebsvorsorge-1-705x325.jpg 705w\" sizes=\"(max-width: 1500px) 100vw, 1500px\" \/><\/div><\/li><\/ul><\/div><\/div><div id='after_full_slider_1'  class='main_color av_default_container_wrap container_wrap fullsize'  ><div class='container av-section-cont-open' ><div class='template-page content  av-content-full alpha units'><div class='post-entry post-entry-type-page post-entry-102'><div class='entry-content-wrapper clearfix'>\n<div  class='flex_column av-m14yg3fr-8e3d00571d18ce023e2dd10a901cd8bb av_one_full  avia-builder-el-1  el_after_av_slideshow_full  el_before_av_section  avia-builder-el-no-sibling  first flex_column_div av-animated-generic bottom-to-top  '     ><section  class='av_textblock_section av-kgs521np-e1afa52c15f1eb3401bd1de8cfaa5285 '   itemscope=\"itemscope\" itemtype=\"https:\/\/schema.org\/CreativeWork\" ><div class='avia_textblock'  itemprop=\"text\" ><p>Unseren gro\u00dfen und auch kleinen Patienten steht in unserer HNO-Praxis das gesamte Spektrum einer modernen Praxis zur Verf\u00fcgung, um alle wesentlichen Erkrankungen unseres Fachgebietes zu erkennen und behandeln zu k\u00f6nnen.<\/p>\n<\/div><\/section><\/div>\n<\/div><\/div><\/div><!-- close content main div --><\/div><\/div>\n<style type=\"text\/css\" data-created_by=\"avia_inline_auto\" id=\"style-css-av-m150no2f-0bfec49c7278e820ab525cc582f3bc53\">\n.avia-section.av-m150no2f-0bfec49c7278e820ab525cc582f3bc53{\nbackground-color:#e6f2f4;\nbackground-image:unset;\n}\n<\/style>\n<div id='av_section_1'  class='avia-section av-m150no2f-0bfec49c7278e820ab525cc582f3bc53 main_color avia-section-huge avia-no-border-styling  avia-builder-el-3  el_after_av_one_full  avia-builder-el-last  avia-bg-style-scroll container_wrap fullsize'  ><div class='container av-section-cont-open' ><div class='template-page content  av-content-full alpha units'><div class='post-entry post-entry-type-page post-entry-102'><div class='entry-content-wrapper clearfix'>\n\n<style type=\"text\/css\" data-created_by=\"avia_inline_auto\" id=\"style-css-av-cqaja-25aaf14c8d4b45a3bcaf08a97fa6bb2e\">\n.flex_column.av-cqaja-25aaf14c8d4b45a3bcaf08a97fa6bb2e{\nborder-radius:0px 0px 0px 0px;\npadding:0px 0px 0px 0px;\n}\n<\/style>\n<div  class='flex_column av-cqaja-25aaf14c8d4b45a3bcaf08a97fa6bb2e av_one_half  avia-builder-el-4  el_before_av_one_half  avia-builder-el-first  first flex_column_div av-animated-generic pop-up av-zero-column-padding  '     ><p><article  class='iconbox iconbox_top av-kgtcm9b4-29a24bf13cba7e233b975d56da3d7ada  avia-builder-el-5  el_before_av_hr  avia-builder-el-first  main_color'  itemscope=\"itemscope\" itemtype=\"https:\/\/schema.org\/CreativeWork\" ><div class=\"iconbox_content\"><header class=\"entry-content-header\" aria-label=\"Icon: H\u00f6rst\u00f6rungen und Tinnitus\"><div class='iconbox_icon heading-color avia-iconfont avia-font-entypo-fontello' data-av_icon='\ue82b' data-av_iconfont='entypo-fontello'  ><\/div><h3 class='iconbox_content_title '  itemprop=\"headline\" >H\u00f6rst\u00f6rungen und Tinnitus<\/h3><\/header><div class='iconbox_content_container '  itemprop=\"text\" ><p><a href=\"https:\/\/hno-halle-nettlau.de\/index.php\/leistungen\/horstorungen-und-tinnitus\/\">Mehr Informationen<\/a><\/p>\n<\/div><\/div><footer class=\"entry-footer\"><\/footer><\/article><br \/>\n\n<style type=\"text\/css\" data-created_by=\"avia_inline_auto\" id=\"style-css-av-kgtcv4gi-19-99e292f357d5553ce3f126d21f40013c\">\n#top .hr.hr-invisible.av-kgtcv4gi-19-99e292f357d5553ce3f126d21f40013c{\nheight:50px;\n}\n<\/style>\n<div  class='hr av-kgtcv4gi-19-99e292f357d5553ce3f126d21f40013c hr-invisible  avia-builder-el-6  el_after_av_icon_box  el_before_av_icon_box '><span class='hr-inner '><span class=\"hr-inner-style\"><\/span><\/span><\/div><br \/>\n<article  class='iconbox iconbox_top av-kgtcm9b4-18-1f49555c38748f99a6ad2edf56ee6332  avia-builder-el-7  el_after_av_hr  el_before_av_hr  main_color'  itemscope=\"itemscope\" itemtype=\"https:\/\/schema.org\/CreativeWork\" ><div class=\"iconbox_content\"><header class=\"entry-content-header\" aria-label=\"Icon: Schwindel\"><div class='iconbox_icon heading-color avia-iconfont avia-font-entypo-fontello' data-av_icon='\ue82b' data-av_iconfont='entypo-fontello'  ><\/div><h3 class='iconbox_content_title '  itemprop=\"headline\" >Schwindel<\/h3><\/header><div class='iconbox_content_container '  itemprop=\"text\" ><p><a href=\"https:\/\/hno-halle-nettlau.de\/index.php\/leistungen\/schwindel\/\">Mehr Informationen<\/a><\/p>\n<\/div><\/div><footer class=\"entry-footer\"><\/footer><\/article><br \/>\n\n<style type=\"text\/css\" data-created_by=\"avia_inline_auto\" id=\"style-css-av-kgtcv4gi-17-4af2861c81ef08639cc4560bb1c17215\">\n#top .hr.hr-invisible.av-kgtcv4gi-17-4af2861c81ef08639cc4560bb1c17215{\nheight:50px;\n}\n<\/style>\n<div  class='hr av-kgtcv4gi-17-4af2861c81ef08639cc4560bb1c17215 hr-invisible  avia-builder-el-8  el_after_av_icon_box  el_before_av_icon_box '><span class='hr-inner '><span class=\"hr-inner-style\"><\/span><\/span><\/div><br \/>\n<article  class='iconbox iconbox_top av-kgtcm9b4-16-3634b2084416ff4a659cf8bab47857cf  avia-builder-el-9  el_after_av_hr  el_before_av_hr  main_color'  itemscope=\"itemscope\" itemtype=\"https:\/\/schema.org\/CreativeWork\" ><div class=\"iconbox_content\"><header class=\"entry-content-header\" aria-label=\"Icon: Allergien\"><div class='iconbox_icon heading-color avia-iconfont avia-font-entypo-fontello' data-av_icon='\ue82b' data-av_iconfont='entypo-fontello'  ><\/div><h3 class='iconbox_content_title '  itemprop=\"headline\" >Allergien<\/h3><\/header><div class='iconbox_content_container '  itemprop=\"text\" ><p><a href=\"https:\/\/hno-halle-nettlau.de\/index.php\/leistungen\/allergien\/\">Mehr Informationen<\/a><\/p>\n<\/div><\/div><footer class=\"entry-footer\"><\/footer><\/article><br \/>\n\n<style type=\"text\/css\" data-created_by=\"avia_inline_auto\" id=\"style-css-av-kgtcv4gi-15-87487760827ba44868af862f9fdfbc3e\">\n#top .hr.hr-invisible.av-kgtcv4gi-15-87487760827ba44868af862f9fdfbc3e{\nheight:50px;\n}\n<\/style>\n<div  class='hr av-kgtcv4gi-15-87487760827ba44868af862f9fdfbc3e hr-invisible  avia-builder-el-10  el_after_av_icon_box  el_before_av_icon_box '><span class='hr-inner '><span class=\"hr-inner-style\"><\/span><\/span><\/div><br \/>\n<article  class='iconbox iconbox_top av-kgtcm9b4-14-c3bbf5a0ab03fad89828d96789bdf20d  avia-builder-el-11  el_after_av_hr  el_before_av_hr  main_color'  itemscope=\"itemscope\" itemtype=\"https:\/\/schema.org\/CreativeWork\" ><div class=\"iconbox_content\"><header class=\"entry-content-header\" aria-label=\"Icon: Ultraschall\"><div class='iconbox_icon heading-color avia-iconfont avia-font-entypo-fontello' data-av_icon='\ue82b' data-av_iconfont='entypo-fontello'  ><\/div><h3 class='iconbox_content_title '  itemprop=\"headline\" >Ultraschall<\/h3><\/header><div class='iconbox_content_container '  itemprop=\"text\" ><p><a href=\"https:\/\/hno-halle-nettlau.de\/index.php\/leistungen\/ultraschall\/\">Mehr Informationen<\/a><\/p>\n<\/div><\/div><footer class=\"entry-footer\"><\/footer><\/article><br \/>\n\n<style type=\"text\/css\" data-created_by=\"avia_inline_auto\" id=\"style-css-av-kgtcv4gi-13-768739400f7531e7e2e473d8fb98128b\">\n#top .hr.hr-invisible.av-kgtcv4gi-13-768739400f7531e7e2e473d8fb98128b{\nheight:50px;\n}\n<\/style>\n<div  class='hr av-kgtcv4gi-13-768739400f7531e7e2e473d8fb98128b hr-invisible  avia-builder-el-12  el_after_av_icon_box  el_before_av_icon_box '><span class='hr-inner '><span class=\"hr-inner-style\"><\/span><\/span><\/div><br \/>\n<article  class='iconbox iconbox_top av-kgtcm9b4-12-c3335e22e094b9b9b811b040c78eba83  avia-builder-el-13  el_after_av_hr  el_before_av_hr  main_color'  itemscope=\"itemscope\" itemtype=\"https:\/\/schema.org\/CreativeWork\" ><div class=\"iconbox_content\"><header class=\"entry-content-header\" aria-label=\"Icon: Schnarchdiagnostik\"><div class='iconbox_icon heading-color avia-iconfont avia-font-entypo-fontello' data-av_icon='\ue82b' data-av_iconfont='entypo-fontello'  ><\/div><h3 class='iconbox_content_title '  itemprop=\"headline\" >Schnarchdiagnostik<\/h3><\/header><div class='iconbox_content_container '  itemprop=\"text\" ><p><a href=\"https:\/\/hno-halle-nettlau.de\/index.php\/leistungen\/schnarchdiagnostik\/\">Mehr Informationen<\/a><\/p>\n<\/div><\/div><footer class=\"entry-footer\"><\/footer><\/article><br \/>\n\n<style type=\"text\/css\" data-created_by=\"avia_inline_auto\" id=\"style-css-av-kgtcv4gi-11-b677eb17f82897b8b0bd805d0cd36b83\">\n#top .hr.hr-invisible.av-kgtcv4gi-11-b677eb17f82897b8b0bd805d0cd36b83{\nheight:50px;\n}\n<\/style>\n<div  class='hr av-kgtcv4gi-11-b677eb17f82897b8b0bd805d0cd36b83 hr-invisible  avia-builder-el-14  el_after_av_icon_box  el_before_av_icon_box '><span class='hr-inner '><span class=\"hr-inner-style\"><\/span><\/span><\/div><br \/>\n<article  class='iconbox iconbox_top av-kgtcm9b4-10-2068f922b56c6d5f4f0c47a6bf32ff9a  avia-builder-el-15  el_after_av_hr  avia-builder-el-last  main_color'  itemscope=\"itemscope\" itemtype=\"https:\/\/schema.org\/CreativeWork\" ><div class=\"iconbox_content\"><header class=\"entry-content-header\" aria-label=\"Icon: Leistungen f\u00fcr Kinder\"><div class='iconbox_icon heading-color avia-iconfont avia-font-entypo-fontello' data-av_icon='\ue82b' data-av_iconfont='entypo-fontello'  ><\/div><h3 class='iconbox_content_title '  itemprop=\"headline\" >Leistungen f\u00fcr Kinder<\/h3><\/header><div class='iconbox_content_container '  itemprop=\"text\" ><p><a href=\"https:\/\/hno-halle-nettlau.de\/index.php\/leistungen\/leistungen-fuer-kinder\/\">Mehr Informationen<\/a><\/p>\n<\/div><\/div><footer class=\"entry-footer\"><\/footer><\/article><\/p><\/div>\n<style type=\"text\/css\" data-created_by=\"avia_inline_auto\" id=\"style-css-av-6ty8u-98054af9f1c683295aa18b04540f0bd7\">\n.flex_column.av-6ty8u-98054af9f1c683295aa18b04540f0bd7{\nborder-radius:0px 0px 0px 0px;\npadding:0px 0px 0px 0px;\n}\n<\/style>\n<div  class='flex_column av-6ty8u-98054af9f1c683295aa18b04540f0bd7 av_one_half  avia-builder-el-16  el_after_av_one_half  avia-builder-el-last  flex_column_div av-animated-generic pop-up av-zero-column-padding  '     ><p><article  class='iconbox iconbox_top av-kgtcm9b4-8-6e201d3041e8bf760c731bb15ddfb216  avia-builder-el-17  el_before_av_hr  avia-builder-el-first  main_color'  itemscope=\"itemscope\" itemtype=\"https:\/\/schema.org\/CreativeWork\" ><div class=\"iconbox_content\"><header class=\"entry-content-header\" aria-label=\"Icon: Krebsvorsorge\"><div class='iconbox_icon heading-color avia-iconfont avia-font-entypo-fontello' data-av_icon='\ue82b' data-av_iconfont='entypo-fontello'  ><\/div><h3 class='iconbox_content_title '  itemprop=\"headline\" >Krebsvorsorge<\/h3><\/header><div class='iconbox_content_container '  itemprop=\"text\" ><p><a href=\"https:\/\/hno-halle-nettlau.de\/index.php\/leistungen\/krebsvorsorge\/\">Mehr Informationen<\/a><\/p>\n<\/div><\/div><footer class=\"entry-footer\"><\/footer><\/article><br \/>\n\n<style type=\"text\/css\" data-created_by=\"avia_inline_auto\" id=\"style-css-av-kgtcv4gi-9-4a9358a004c7446abc6a8a7483953180\">\n#top .hr.hr-invisible.av-kgtcv4gi-9-4a9358a004c7446abc6a8a7483953180{\nheight:50px;\n}\n<\/style>\n<div  class='hr av-kgtcv4gi-9-4a9358a004c7446abc6a8a7483953180 hr-invisible  avia-builder-el-18  el_after_av_icon_box  el_before_av_icon_box '><span class='hr-inner '><span class=\"hr-inner-style\"><\/span><\/span><\/div><br \/>\n<article  class='iconbox iconbox_top av-kgtcm9b4-7-836e7ec8753d8ae1672a0148dce6934a  avia-builder-el-19  el_after_av_hr  el_before_av_hr  main_color'  itemscope=\"itemscope\" itemtype=\"https:\/\/schema.org\/CreativeWork\" ><div class=\"iconbox_content\"><header class=\"entry-content-header\" aria-label=\"Icon: Tauglichkeitsuntersuchungen\"><div class='iconbox_icon heading-color avia-iconfont avia-font-entypo-fontello' data-av_icon='\ue82b' data-av_iconfont='entypo-fontello'  ><\/div><h3 class='iconbox_content_title '  itemprop=\"headline\" >Tauglichkeitsuntersuchungen<\/h3><\/header><div class='iconbox_content_container '  itemprop=\"text\" ><p><a href=\"https:\/\/hno-halle-nettlau.de\/index.php\/leistungen\/tauglichkeitsuntersuchungen\/\">Mehr Informationen<\/a><\/p>\n<\/div><\/div><footer class=\"entry-footer\"><\/footer><\/article><br \/>\n\n<style type=\"text\/css\" data-created_by=\"avia_inline_auto\" id=\"style-css-av-kgtcv4gi-6-fa08fd41414c5354180a65888fd9fec0\">\n#top .hr.hr-invisible.av-kgtcv4gi-6-fa08fd41414c5354180a65888fd9fec0{\nheight:50px;\n}\n<\/style>\n<div  class='hr av-kgtcv4gi-6-fa08fd41414c5354180a65888fd9fec0 hr-invisible  avia-builder-el-20  el_after_av_icon_box  el_before_av_icon_box '><span class='hr-inner '><span class=\"hr-inner-style\"><\/span><\/span><\/div><br \/>\n<article  class='iconbox iconbox_top av-kgtcm9b4-5-06647bcef39e9848f7d2fc0c07092249  avia-builder-el-21  el_after_av_hr  el_before_av_hr  main_color'  itemscope=\"itemscope\" itemtype=\"https:\/\/schema.org\/CreativeWork\" ><div class=\"iconbox_content\"><header class=\"entry-content-header\" aria-label=\"Icon: Schutz- und Reiseimpfungen\"><div class='iconbox_icon heading-color avia-iconfont avia-font-entypo-fontello' data-av_icon='\ue82b' data-av_iconfont='entypo-fontello'  ><\/div><h3 class='iconbox_content_title '  itemprop=\"headline\" >Schutz- und Reiseimpfungen<\/h3><\/header><div class='iconbox_content_container '  itemprop=\"text\" ><p><a href=\"https:\/\/hno-halle-nettlau.de\/index.php\/leistungen\/schutz-und-reiseimpfungen\/\">Mehr Informationen<\/a><\/p>\n<\/div><\/div><footer class=\"entry-footer\"><\/footer><\/article><br \/>\n\n<style type=\"text\/css\" data-created_by=\"avia_inline_auto\" id=\"style-css-av-kgtcv4gi-4-69dc8bb23d513e6b86e3567ae246cc2b\">\n#top .hr.hr-invisible.av-kgtcv4gi-4-69dc8bb23d513e6b86e3567ae246cc2b{\nheight:50px;\n}\n<\/style>\n<div  class='hr av-kgtcv4gi-4-69dc8bb23d513e6b86e3567ae246cc2b hr-invisible  avia-builder-el-22  el_after_av_icon_box  el_before_av_icon_box '><span class='hr-inner '><span class=\"hr-inner-style\"><\/span><\/span><\/div><br \/>\n<article  class='iconbox iconbox_top av-kgtcm9b4-3-bcc00b35216bd2385b58b0b32bbf4121  avia-builder-el-23  el_after_av_hr  el_before_av_hr  main_color'  itemscope=\"itemscope\" itemtype=\"https:\/\/schema.org\/CreativeWork\" ><div class=\"iconbox_content\"><header class=\"entry-content-header\" aria-label=\"Icon: Akupunktur\"><div class='iconbox_icon heading-color avia-iconfont avia-font-entypo-fontello' data-av_icon='\ue82b' data-av_iconfont='entypo-fontello'  ><\/div><h3 class='iconbox_content_title '  itemprop=\"headline\" >Akupunktur<\/h3><\/header><div class='iconbox_content_container '  itemprop=\"text\" ><p><a href=\"https:\/\/hno-halle-nettlau.de\/index.php\/leistungen\/akupunktur\/\">Mehr Informationen<\/a><\/p>\n<\/div><\/div><footer class=\"entry-footer\"><\/footer><\/article><br \/>\n\n<style type=\"text\/css\" data-created_by=\"avia_inline_auto\" id=\"style-css-av-kgtcv4gi-2-16cb957cc5721c84e09412179f1c00bd\">\n#top .hr.hr-invisible.av-kgtcv4gi-2-16cb957cc5721c84e09412179f1c00bd{\nheight:50px;\n}\n<\/style>\n<div  class='hr av-kgtcv4gi-2-16cb957cc5721c84e09412179f1c00bd hr-invisible  avia-builder-el-24  el_after_av_icon_box  el_before_av_icon_box '><span class='hr-inner '><span class=\"hr-inner-style\"><\/span><\/span><\/div><br \/>\n<article  class='iconbox iconbox_top av-kgtcm9b4-1-42b6dece793ab482bf3c8f41d67339f4  avia-builder-el-25  el_after_av_hr  avia-builder-el-last  main_color'  itemscope=\"itemscope\" itemtype=\"https:\/\/schema.org\/CreativeWork\" ><div class=\"iconbox_content\"><header class=\"entry-content-header\" aria-label=\"Icon: Alternative Therapien\"><div class='iconbox_icon heading-color avia-iconfont avia-font-entypo-fontello' data-av_icon='\ue82b' data-av_iconfont='entypo-fontello'  ><\/div><h3 class='iconbox_content_title '  itemprop=\"headline\" >Alternative Therapien<\/h3><\/header><div class='iconbox_content_container '  itemprop=\"text\" ><p><a href=\"https:\/\/hno-halle-nettlau.de\/index.php\/leistungen\/alternative-therapien\/\">Mehr Informationen<\/a><\/p>\n<\/div><\/div><footer class=\"entry-footer\"><\/footer><\/article><\/p><\/div>\n\n","protected":false},"excerpt":{"rendered":"","protected":false},"author":1,"featured_media":0,"parent":0,"menu_order":0,"comment_status":"open","ping_status":"closed","template":"","meta":{"footnotes":""},"class_list":["post-102","page","type-page","status-publish","hentry"],"yoast_head":"<!-- This site is optimized with the Yoast SEO plugin v27.2 - https:\/\/yoast.com\/product\/yoast-seo-wordpress\/ -->\n<title>\u00dcbersicht - hno-halle-nettlau.de<\/title>\n<meta name=\"robots\" content=\"index, follow, max-snippet:-1, max-image-preview:large, max-video-preview:-1\" \/>\n<link rel=\"canonical\" href=\"https:\/\/hno-halle-nettlau.de\/index.php\/unsere-leistungen\/\" \/>\n<meta property=\"og:locale\" content=\"de_DE\" \/>\n<meta property=\"og:type\" content=\"article\" \/>\n<meta property=\"og:title\" content=\"\u00dcbersicht - hno-halle-nettlau.de\" \/>\n<meta property=\"og:url\" content=\"https:\/\/hno-halle-nettlau.de\/index.php\/unsere-leistungen\/\" \/>\n<meta property=\"og:site_name\" content=\"hno-halle-nettlau.de\" \/>\n<meta property=\"article:modified_time\" content=\"2024-09-16T13:05:50+00:00\" \/>\n<meta name=\"twitter:card\" content=\"summary_large_image\" \/>\n<meta name=\"twitter:label1\" content=\"Gesch\u00e4tzte Lesezeit\" \/>\n\t<meta name=\"twitter:data1\" content=\"1\u00a0Minute\" \/>\n<script type=\"application\/ld+json\" class=\"yoast-schema-graph\">{\"@context\":\"https:\/\/schema.org\",\"@graph\":[{\"@type\":\"WebPage\",\"@id\":\"https:\/\/hno-halle-nettlau.de\/index.php\/unsere-leistungen\/\",\"url\":\"https:\/\/hno-halle-nettlau.de\/index.php\/unsere-leistungen\/\",\"name\":\"\u00dcbersicht - hno-halle-nettlau.de\",\"isPartOf\":{\"@id\":\"https:\/\/hno-halle-nettlau.de\/#website\"},\"datePublished\":\"2015-07-14T14:12:07+00:00\",\"dateModified\":\"2024-09-16T13:05:50+00:00\",\"breadcrumb\":{\"@id\":\"https:\/\/hno-halle-nettlau.de\/index.php\/unsere-leistungen\/#breadcrumb\"},\"inLanguage\":\"de\",\"potentialAction\":[{\"@type\":\"ReadAction\",\"target\":[\"https:\/\/hno-halle-nettlau.de\/index.php\/unsere-leistungen\/\"]}]},{\"@type\":\"BreadcrumbList\",\"@id\":\"https:\/\/hno-halle-nettlau.de\/index.php\/unsere-leistungen\/#breadcrumb\",\"itemListElement\":[{\"@type\":\"ListItem\",\"position\":1,\"name\":\"Home\",\"item\":\"https:\/\/hno-halle-nettlau.de\/index.php\/hno-halle\/\"},{\"@type\":\"ListItem\",\"position\":2,\"name\":\"\u00dcbersicht\"}]},{\"@type\":\"WebSite\",\"@id\":\"https:\/\/hno-halle-nettlau.de\/#website\",\"url\":\"https:\/\/hno-halle-nettlau.de\/\",\"name\":\"hno-halle-nettlau.de\",\"description\":\"HNO-Praxis Dr. med. Susann Nettlau\",\"publisher\":{\"@id\":\"https:\/\/hno-halle-nettlau.de\/#organization\"},\"potentialAction\":[{\"@type\":\"SearchAction\",\"target\":{\"@type\":\"EntryPoint\",\"urlTemplate\":\"https:\/\/hno-halle-nettlau.de\/?s={search_term_string}\"},\"query-input\":{\"@type\":\"PropertyValueSpecification\",\"valueRequired\":true,\"valueName\":\"search_term_string\"}}],\"inLanguage\":\"de\"},{\"@type\":\"Organization\",\"@id\":\"https:\/\/hno-halle-nettlau.de\/#organization\",\"name\":\"HNO-Praxis Dr. med. Susann Nettlau\",\"url\":\"https:\/\/hno-halle-nettlau.de\/\",\"logo\":{\"@type\":\"ImageObject\",\"inLanguage\":\"de\",\"@id\":\"https:\/\/hno-halle-nettlau.de\/#\/schema\/logo\/image\/\",\"url\":\"https:\/\/hno-halle-nettlau.de\/wp-content\/uploads\/2020\/11\/fav-hno-nettlau-final.png\",\"contentUrl\":\"https:\/\/hno-halle-nettlau.de\/wp-content\/uploads\/2020\/11\/fav-hno-nettlau-final.png\",\"width\":512,\"height\":512,\"caption\":\"HNO-Praxis Dr. med. Susann Nettlau\"},\"image\":{\"@id\":\"https:\/\/hno-halle-nettlau.de\/#\/schema\/logo\/image\/\"}}]}<\/script>\n<!-- \/ Yoast SEO plugin. -->","yoast_head_json":{"title":"\u00dcbersicht - hno-halle-nettlau.de","robots":{"index":"index","follow":"follow","max-snippet":"max-snippet:-1","max-image-preview":"max-image-preview:large","max-video-preview":"max-video-preview:-1"},"canonical":"https:\/\/hno-halle-nettlau.de\/index.php\/unsere-leistungen\/","og_locale":"de_DE","og_type":"article","og_title":"\u00dcbersicht - hno-halle-nettlau.de","og_url":"https:\/\/hno-halle-nettlau.de\/index.php\/unsere-leistungen\/","og_site_name":"hno-halle-nettlau.de","article_modified_time":"2024-09-16T13:05:50+00:00","twitter_card":"summary_large_image","twitter_misc":{"Gesch\u00e4tzte Lesezeit":"1\u00a0Minute"},"schema":{"@context":"https:\/\/schema.org","@graph":[{"@type":"WebPage","@id":"https:\/\/hno-halle-nettlau.de\/index.php\/unsere-leistungen\/","url":"https:\/\/hno-halle-nettlau.de\/index.php\/unsere-leistungen\/","name":"\u00dcbersicht - hno-halle-nettlau.de","isPartOf":{"@id":"https:\/\/hno-halle-nettlau.de\/#website"},"datePublished":"2015-07-14T14:12:07+00:00","dateModified":"2024-09-16T13:05:50+00:00","breadcrumb":{"@id":"https:\/\/hno-halle-nettlau.de\/index.php\/unsere-leistungen\/#breadcrumb"},"inLanguage":"de","potentialAction":[{"@type":"ReadAction","target":["https:\/\/hno-halle-nettlau.de\/index.php\/unsere-leistungen\/"]}]},{"@type":"BreadcrumbList","@id":"https:\/\/hno-halle-nettlau.de\/index.php\/unsere-leistungen\/#breadcrumb","itemListElement":[{"@type":"ListItem","position":1,"name":"Home","item":"https:\/\/hno-halle-nettlau.de\/index.php\/hno-halle\/"},{"@type":"ListItem","position":2,"name":"\u00dcbersicht"}]},{"@type":"WebSite","@id":"https:\/\/hno-halle-nettlau.de\/#website","url":"https:\/\/hno-halle-nettlau.de\/","name":"hno-halle-nettlau.de","description":"HNO-Praxis Dr. med. Susann Nettlau","publisher":{"@id":"https:\/\/hno-halle-nettlau.de\/#organization"},"potentialAction":[{"@type":"SearchAction","target":{"@type":"EntryPoint","urlTemplate":"https:\/\/hno-halle-nettlau.de\/?s={search_term_string}"},"query-input":{"@type":"PropertyValueSpecification","valueRequired":true,"valueName":"search_term_string"}}],"inLanguage":"de"},{"@type":"Organization","@id":"https:\/\/hno-halle-nettlau.de\/#organization","name":"HNO-Praxis Dr. med. Susann Nettlau","url":"https:\/\/hno-halle-nettlau.de\/","logo":{"@type":"ImageObject","inLanguage":"de","@id":"https:\/\/hno-halle-nettlau.de\/#\/schema\/logo\/image\/","url":"https:\/\/hno-halle-nettlau.de\/wp-content\/uploads\/2020\/11\/fav-hno-nettlau-final.png","contentUrl":"https:\/\/hno-halle-nettlau.de\/wp-content\/uploads\/2020\/11\/fav-hno-nettlau-final.png","width":512,"height":512,"caption":"HNO-Praxis Dr. med. Susann Nettlau"},"image":{"@id":"https:\/\/hno-halle-nettlau.de\/#\/schema\/logo\/image\/"}}]}},"_links":{"self":[{"href":"https:\/\/hno-halle-nettlau.de\/index.php\/wp-json\/wp\/v2\/pages\/102","targetHints":{"allow":["GET"]}}],"collection":[{"href":"https:\/\/hno-halle-nettlau.de\/index.php\/wp-json\/wp\/v2\/pages"}],"about":[{"href":"https:\/\/hno-halle-nettlau.de\/index.php\/wp-json\/wp\/v2\/types\/page"}],"author":[{"embeddable":true,"href":"https:\/\/hno-halle-nettlau.de\/index.php\/wp-json\/wp\/v2\/users\/1"}],"replies":[{"embeddable":true,"href":"https:\/\/hno-halle-nettlau.de\/index.php\/wp-json\/wp\/v2\/comments?post=102"}],"version-history":[{"count":23,"href":"https:\/\/hno-halle-nettlau.de\/index.php\/wp-json\/wp\/v2\/pages\/102\/revisions"}],"predecessor-version":[{"id":1918,"href":"https:\/\/hno-halle-nettlau.de\/index.php\/wp-json\/wp\/v2\/pages\/102\/revisions\/1918"}],"wp:attachment":[{"href":"https:\/\/hno-halle-nettlau.de\/index.php\/wp-json\/wp\/v2\/media?parent=102"}],"curies":[{"name":"wp","href":"https:\/\/api.w.org\/{rel}","templated":true}]}}